{"id":1364,"date":"2019-10-09T19:30:47","date_gmt":"2019-10-09T19:30:47","guid":{"rendered":"http:\/\/auditpartner.ee\/wp_leht\/?page_id=1364"},"modified":"2023-01-30T14:42:25","modified_gmt":"2023-01-30T14:42:25","slug":"referentsid","status":"publish","type":"page","link":"https:\/\/www.auditpartner.ee\/en\/referentsid\/","title":{"rendered":"References"},"content":{"rendered":"<section class=\"fw-main-row  ls section_padding_top_150 section_padding_bottom_150 columns_margin_bottom_20\" >\n\n    \n\t\t<div class=\"container\">\n\t\t<div class=\"row\">\n\t\t\t\n    <div class=\"col-xs-12\" >\n                <div class=\"padding_10   ap_reference\">\n            <h3 style=\"text-align: center;\">Robert Domak<\/h3><h5 style=\"text-align: center;\">CEO of Nores Plastic O\u00dc<\/h5><p style=\"text-align: center;\">Our cooperation with Audit Partner O\u00dc over the 15 years has been excellent. Their competence and reliability allow us to focus on our work knowing that our daily accounting tasks are in good hands. The accounting services provided by Audit Partner O\u00dc often make us feel like we are actually benefiting from the services of a financial manager and a financial department, and we feel secure trusting them even with the most complex of cases coming up in our business.<br \/>For us, Audit Partner O\u00dc has proved to be a company delivering exceptional service and we would definitely recommend them even to the most demanding customers.<\/p>        <\/div>\n        <\/div>\n\n\n\n    <div class=\"col-xs-12\" >\n                <div class=\"padding_10   ap_reference\">\n            <h3 style=\"text-align: center;\">Rumman Syed<\/h3><h5 style=\"text-align: center;\">CEO of Crystalsol O\u00dc<\/h5><p style=\"text-align: center;\">Since the beginning of our cooperation, we have had a prime service from Birgit and Inge. It is a relationship based on trust in a very productive, efficient and smooth manner. Given that the parent company is based in Austria, Birgit and Inge have not only shown their expertise with the local tax laws but also what is beyond the border. <br \/>We could have not picked better partners to keep our finances in order.<\/p>        <\/div>\n        <\/div>\n\n\n\n    <div class=\"col-xs-12\" >\n                <div class=\"padding_10   ap_reference\">\n            <h3 style=\"text-align: center;\">Erki Vister<\/h3><h5 style=\"text-align: center;\">CEO of Pandivere L.T. O\u00dc<\/h5><p style=\"text-align: center;\">Professionalism, balance, precision and, of course, patience \u2013 these are the keywords behind the services Audit Partner O\u00dc has been providing to O\u00dc Pandivere L.T. <br \/>I really appreciate them always being there for us, ready to face new challenges.<\/p>        <\/div>\n        <\/div>\n\n\n\n    <div class=\"col-xs-12\" >\n                <div class=\"padding_10   ap_reference\">\n                    <\/div>\n        <\/div>\n\n\n\t\t<\/div>\n\t<\/div>\n<\/section>","protected":false},"excerpt":{"rendered":"<p>Robert DomakNores Plastic O\u00dc tegevjuhtMeie koost\u00f6\u00f6 Audit Partner O\u00dc-ga on k\u00fcmne aasta jooksul olnud v\u00e4ga edukas. Nende kompetents ja usaldusv\u00e4\u00e4rsus v\u00f5imaldab meil keskenduda oma t\u00f6\u00f6le teadmisega, et ettev\u00f5tte igap\u00e4evane raamatupidamine on kindlates k\u00e4tes. Audit Partner O\u00dc raamatupidamisteenust kasutades tundub meile tihti, et v\u00f5tame neilt pigem allhankega finantsjuhi ja finantsosakonna teenust ning saame neile usaldada ka [&hellip;]<\/p>","protected":false},"author":1,"featured_media":0,"parent":0,"menu_order":0,"comment_status":"closed","ping_status":"closed","template":"page-templates\/full-width.php","meta":{"footnotes":""},"class_list":["post-1364","page","type-page","status-publish","hentry"],"_links":{"self":[{"href":"https:\/\/www.auditpartner.ee\/en\/wp-json\/wp\/v2\/pages\/1364","targetHints":{"allow":["GET"]}}],"collection":[{"href":"https:\/\/www.auditpartner.ee\/en\/wp-json\/wp\/v2\/pages"}],"about":[{"href":"https:\/\/www.auditpartner.ee\/en\/wp-json\/wp\/v2\/types\/page"}],"author":[{"embeddable":true,"href":"https:\/\/www.auditpartner.ee\/en\/wp-json\/wp\/v2\/users\/1"}],"replies":[{"embeddable":true,"href":"https:\/\/www.auditpartner.ee\/en\/wp-json\/wp\/v2\/comments?post=1364"}],"version-history":[{"count":5,"href":"https:\/\/www.auditpartner.ee\/en\/wp-json\/wp\/v2\/pages\/1364\/revisions"}],"predecessor-version":[{"id":1617,"href":"https:\/\/www.auditpartner.ee\/en\/wp-json\/wp\/v2\/pages\/1364\/revisions\/1617"}],"wp:attachment":[{"href":"https:\/\/www.auditpartner.ee\/en\/wp-json\/wp\/v2\/media?parent=1364"}],"curies":[{"name":"wp","href":"https:\/\/api.w.org\/{rel}","templated":true}]}}