{"id":70,"date":"2018-06-14T10:22:07","date_gmt":"2018-06-14T10:22:07","guid":{"rendered":"http:\/\/auditpartner.ee\/wp_leht\/?page_id=70"},"modified":"2019-10-30T17:37:44","modified_gmt":"2019-10-30T17:37:44","slug":"teenused","status":"publish","type":"page","link":"https:\/\/www.auditpartner.ee\/en\/teenused\/","title":{"rendered":"Services"},"content":{"rendered":"<section class=\"fw-main-row  ls section_padding_top_150 section_padding_bottom_150 columns_margin_bottom_20\" >\n\n    \n\t\t<div class=\"container\">\n\t\t<div class=\"row\">\n\t\t\t\n    <div class=\"col-xs-12\" >\n        \n<div class=\"isotope_container services isotope row  masonry-layout\"\n    >\n            <div\n            class=\"isotope-item col-lg-4 col-md-4 col-sm-6 col-xs-12 col-xxs-12 services\">\n            \n<article class=\"with_padding big-padding with_shadow text-center post-1311 fw-services type-fw-services status-publish hentry fw-services-category-services\">\n\t<div class=\"teaser\">\n        <a href=\"https:\/\/www.auditpartner.ee\/en\/teenus\/raamatupidamisteenused\/\">\n                    <\/a>\n\t\t<h3 class=\"entry-title small\">\n\t\t\t<a href=\"https:\/\/www.auditpartner.ee\/en\/teenus\/raamatupidamisteenused\/\">\n\t\t\t\tAccounting services\t\t\t<\/a>\n\t\t<\/h3>\n\t\t<p>We offer our customers full-scope (daily, monthly) accounting services as well as services agreed individually with the customer to meet any specific needs.<\/p>\n\t\t<a href=\"https:\/\/www.auditpartner.ee\/en\/teenus\/raamatupidamisteenused\/\" class=\"more-link\">Loe l\u00e4hemalt<\/a>\n\t<\/div>\n<\/article><!-- eof .teaser -->        <\/div>\n            <div\n            class=\"isotope-item col-lg-4 col-md-4 col-sm-6 col-xs-12 col-xxs-12 services\">\n            \n<article class=\"with_padding big-padding with_shadow text-center post-1310 fw-services type-fw-services status-publish hentry fw-services-category-services\">\n\t<div class=\"teaser\">\n        <a href=\"https:\/\/www.auditpartner.ee\/en\/teenus\/palgaarvestus\/\">\n                    <\/a>\n\t\t<h3 class=\"entry-title small\">\n\t\t\t<a href=\"https:\/\/www.auditpartner.ee\/en\/teenus\/palgaarvestus\/\">\n\t\t\t\tPayroll services\t\t\t<\/a>\n\t\t<\/h3>\n\t\t<p>We offer our customers also payroll services only including calculation of wages, uploading of the amounts payable in the online bank, etc.<\/p>\n\t\t<a href=\"https:\/\/www.auditpartner.ee\/en\/teenus\/palgaarvestus\/\" class=\"more-link\">Loe l\u00e4hemalt<\/a>\n\t<\/div>\n<\/article><!-- eof .teaser -->        <\/div>\n            <div\n            class=\"isotope-item col-lg-4 col-md-4 col-sm-6 col-xs-12 col-xxs-12 services\">\n            \n<article class=\"with_padding big-padding with_shadow text-center post-1312 fw-services type-fw-services status-publish hentry fw-services-category-services\">\n\t<div class=\"teaser\">\n        <a href=\"https:\/\/www.auditpartner.ee\/en\/teenus\/maksunoustamine\/\">\n                    <\/a>\n\t\t<h3 class=\"entry-title small\">\n\t\t\t<a href=\"https:\/\/www.auditpartner.ee\/en\/teenus\/maksunoustamine\/\">\n\t\t\t\tTax advice\t\t\t<\/a>\n\t\t<\/h3>\n\t\t<p>Our tax advice expert provides advice on the tax treatment of transactions carried out in daily operations as well as in more specific areas.<\/p>\n\t\t<a href=\"https:\/\/www.auditpartner.ee\/en\/teenus\/maksunoustamine\/\" class=\"more-link\">Loe l\u00e4hemalt<\/a>\n\t<\/div>\n<\/article><!-- eof .teaser -->        <\/div>\n        <\/div><!-- eof .isotope_container -->\n    <\/div>\n\n\n\t\t<\/div>\n\t<\/div>\n<\/section>","protected":false},"excerpt":{"rendered":"<p>Meie maksun\u00f5ustamise spetsialist annab n\u00f5u nii igap\u00e4evases \u00e4ritegevuses toimuvate tehingute maksuk\u00e4sitluste osas kui ka spetsiifilisemates teemades, nagu n\u00e4iteks kontserniettev\u00f5tete vaheliste tehingute hinnastamine ja siirdehindade alase dokumentatsiooni komplekteerimise alused. Viime l\u00e4bi maksuauditeid, kus anal\u00fc\u00fcsime maksude asjakohast ja t\u00e4pset rakendamist ettev\u00f5ttes, maksustatavate tehingutega seotud dokumentatsiooni piisavust ning anname n\u00f5u esinevate ebat\u00e4psuste korrigeerimiseks. Abistame maksukohustuslaseks arvelev\u00f5tmisel ning suhtlemisel [&hellip;]<\/p>","protected":false},"author":1,"featured_media":0,"parent":0,"menu_order":0,"comment_status":"closed","ping_status":"closed","template":"page-templates\/full-width.php","meta":{"footnotes":""},"class_list":["post-70","page","type-page","status-publish","hentry"],"_links":{"self":[{"href":"https:\/\/www.auditpartner.ee\/en\/wp-json\/wp\/v2\/pages\/70","targetHints":{"allow":["GET"]}}],"collection":[{"href":"https:\/\/www.auditpartner.ee\/en\/wp-json\/wp\/v2\/pages"}],"about":[{"href":"https:\/\/www.auditpartner.ee\/en\/wp-json\/wp\/v2\/types\/page"}],"author":[{"embeddable":true,"href":"https:\/\/www.auditpartner.ee\/en\/wp-json\/wp\/v2\/users\/1"}],"replies":[{"embeddable":true,"href":"https:\/\/www.auditpartner.ee\/en\/wp-json\/wp\/v2\/comments?post=70"}],"version-history":[{"count":5,"href":"https:\/\/www.auditpartner.ee\/en\/wp-json\/wp\/v2\/pages\/70\/revisions"}],"predecessor-version":[{"id":1469,"href":"https:\/\/www.auditpartner.ee\/en\/wp-json\/wp\/v2\/pages\/70\/revisions\/1469"}],"wp:attachment":[{"href":"https:\/\/www.auditpartner.ee\/en\/wp-json\/wp\/v2\/media?parent=70"}],"curies":[{"name":"wp","href":"https:\/\/api.w.org\/{rel}","templated":true}]}}